{"id":3649,"date":"2024-01-11T08:50:20","date_gmt":"2024-01-11T08:50:20","guid":{"rendered":"https:\/\/18.wpd.construction\/?page_id=3649"},"modified":"2024-01-11T13:16:51","modified_gmt":"2024-01-11T13:16:51","slug":"privacy-policy","status":"publish","type":"page","link":"https:\/\/lamaisondukoji.com\/fr\/privacy-policy\/","title":{"rendered":"Politique de protection de la vie priv\u00e9e"},"content":{"rendered":"<div data-elementor-type=\"wp-page\" data-elementor-id=\"3649\" class=\"elementor elementor-3649\" data-elementor-post-type=\"page\">\n\t\t\t\t<div class=\"elementor-element elementor-element-61d7fd4 accent-bg e-flex e-con-boxed e-con e-parent\" data-id=\"61d7fd4\" data-element_type=\"container\" data-e-type=\"container\">\n\t\t\t\t\t<div class=\"e-con-inner\">\n\t\t\t\t\t<\/div>\n\t\t\t\t<\/div>\n\t\t<div class=\"elementor-element elementor-element-5a3b311 ctn-gen e-flex e-con-boxed e-con e-parent\" data-id=\"5a3b311\" data-element_type=\"container\" data-e-type=\"container\">\n\t\t\t\t\t<div class=\"e-con-inner\">\n\t\t\t\t<div class=\"elementor-element elementor-element-740e827 elementor-widget elementor-widget-text-editor\" data-id=\"740e827\" data-element_type=\"widget\" data-e-type=\"widget\" data-widget_type=\"text-editor.default\">\n\t\t\t\t<div class=\"elementor-widget-container\">\n\t\t\t\t\t\t\t\t\t<h3>G\u00e9n\u00e9ralit\u00e9s<\/h3>\n<p>LA MAISON DU KOJI, Entreprise Individuelle (\u00ab\u00a0LA MAISON DU KOJI\u00a0\u00bb) propose \u00e0 la vente en ligne des condiments et des autres produits d\u2019un e-shop.<\/p>\n<p>Dans le cadre de notre activit\u00e9, nous sommes amen\u00e9s \u00e0 collecter des donn\u00e9es \u00e0 caract\u00e8re personnel (ci-apr\u00e8s : \u00ab les Donn\u00e9es \u00bb).<\/p>\n<p class=\" translation-block\">La pr\u00e9sente politique de protection des donn\u00e9es \u00e0 caract\u00e8re personnel a pour objet de vous informer sur nos pratiques, les conditions dans lesquelles sont collect\u00e9es, utilis\u00e9es et conserv\u00e9es vos donn\u00e9es \u00e0 caract\u00e8re personnel, ainsi que sur vos droits et leurs modalit\u00e9s d\u2019exercice.\nNous nous engageons \u00e0 ce que la collecte et le traitement des Donn\u00e9es soient conformes au R\u00e8glement europ\u00e9en UE n\u00b02016\/679 dit RGPD et \u00e0 la Loi n\u00b078-17 du 6 janvier 1978 Informatiques et Libert\u00e9s.\nNous nous r\u00e9servons le droit de modifier \u00e0 tout moment la pr\u00e9sente politique de confidentialit\u00e9 afin de se conformer aux \u00e9volutions r\u00e9glementaires et l\u00e9gislatives.\nCertains services peuvent \u00eatre alt\u00e9r\u00e9s ou inaccessibles \u00e0 d\u00e9faut de consentement donn\u00e9 \u00e0 la collecte de certaines donn\u00e9es.\nLa pr\u00e9sente politique de confidentialit\u00e9 fait partie int\u00e9grante des CGV et des CGU de La Maison du Koji.\nLe responsable de traitement, qui collecte les donn\u00e9es \u00e0 caract\u00e8re personnel sur le Site internet www.lamaisondukoji.com et met en \u0153uvre le traitement de ces donn\u00e9es est : <\/br>Eri IKEJI, 62 rue des Fleurs, Lieudit Jallat, 63160 Saint Julien de Coppel.<\/p>\n<h5>Donn\u00e9es collect\u00e9es par LA MAISON DU KOJI<\/h5>\n<p>LA MAISON DU KOJI est amen\u00e9e \u00e0 collecter plusieurs types de donn\u00e9es \u00e0 caract\u00e8re personnel des utilisateurs du site internet&nbsp;<a href=\"http:\/\/www.lamaisondukoji.com\/\" target=\"_blank\" rel=\"noopener\">www.lamaisondukoji.com<\/a>.<\/p>\n<p>LA MAISON DU KOJI s\u2019engage \u00e0 limiter cette collecte aux donn\u00e9es strictement ad\u00e9quates, pertinentes et limit\u00e9es \u00e0 ce qui est n\u00e9cessaire au regard des finalit\u00e9s d\u00e9termin\u00e9es, explicites et l\u00e9gitimes de traitement auxquelles elles sont destin\u00e9es.<\/p>\n<p>LA MAISON DU KOJI s\u2019engage \u00e0 traiter les donn\u00e9es ainsi collect\u00e9es de mani\u00e8re licite, loyale, transparente et conforme aux finalit\u00e9s de traitement pr\u00e9vues \u00e0 l\u2019article 6 du RGPD.\nSelon la nature de votre interaction avec LA MAISON DU KOJI, les donn\u00e9es suivantes font l\u2019objet d\u2019une collecte :<\/p>\n<h5>Donn\u00e9es de contact<\/h5>\n<p>Donn\u00e9es renseign\u00e9es \u00e0 l\u2019occasion de l\u2019inscription \u00e0 la newsletter LA MAISON DU KOJI : adresse email Vous pouvez \u00e9galement, si vous le souhaitez, renseigner vos noms et pr\u00e9noms<\/p>\n<p>Ces donn\u00e9es sont collect\u00e9es sur la base de votre consentement et ont pour finalit\u00e9 de vous adresser des newsletters destin\u00e9es \u00e0 vous tenir inform\u00e9(e) des nouveaut\u00e9s, \u00e9v\u00e8nements, et promotions LA MAISON DU KOJI. En tant que donn\u00e9es collect\u00e9es sur la base de votre consentement, vous pouvez le retirer \u00e0 tout moment, sans que cela compromette la lic\u00e9it\u00e9 du traitement ant\u00e9rieur \u00e0 ce retrait. Chaque newsletter vous permet de vous d\u00e9sabonner en cliquant sur le lien pr\u00e9vu \u00e0 cet effet.<\/p>\n<p>Donn\u00e9es renseign\u00e9es lors de la cr\u00e9ation d\u2019un compte client : adresse email, noms et pr\u00e9noms.<\/p>\n<p>Ces donn\u00e9es sont collect\u00e9es sur la base de votre consentement et ont pour finalit\u00e9 de vous int\u00e9grer dans un fichier clients LA MAISON DU KOJI susceptible de vous proposer des offres commerciales exclusives. En tant que donn\u00e9es collect\u00e9es sur la base de votre consentement, vous pouvez le retirer \u00e0 tout moment, sans que cela compromette la lic\u00e9it\u00e9 du traitement ant\u00e9rieur \u00e0 ce retrait.<\/p>\n<p>Donn\u00e9es renseign\u00e9es lors de tout achat sur le Site \u00e0 l\u2019occasion de la passation d\u2019une commande de produits LA MAISON DU KOJI : adresse email, noms et pr\u00e9noms, adresse de facturation, adresse de livraison, num\u00e9ro de t\u00e9l\u00e9phone.<\/p>\n<p>Ces donn\u00e9es sont collect\u00e9es sur la base de l\u2019ex\u00e9cution du contrat de vente en ligne conclu entre vous et LA MAISON DU KOJI et ont pour finalit\u00e9 de permettre le traitement de vos commandes, leurs livraisons, et de traiter vos r\u00e9clamations et retours.<\/p>\n<p>Donn\u00e9es issues de vos \u00e9changes avec le service client LA MAISON DU KOJI : demandes relatives au suivi de votre commande, aux d\u00e9lais de livraison, \u00e0 la politique de retour, r\u00e9clamations li\u00e9es aux erreurs et d\u00e9fauts produits.<\/p>\n<p>Ces donn\u00e9es sont collect\u00e9es dans le cadre de l\u2019ex\u00e9cution du contrat de vente en ligne conclu entre vous et LA MAISON DU KOJI et ont pour finalit\u00e9 d\u2019alimenter et d\u2019am\u00e9liorer le service client LA MAISON DU KOJI.<\/p>\n<p>Donn\u00e9es relatives aux transactions renseign\u00e9es lors du paiement d\u2019une commande sur le eshop LA MAISON DU KOJI : moyens de paiement (num\u00e9ro de carte bancaire, date d\u2019expiration, cryptogramme visuel).<\/p>\n<p>Ces donn\u00e9es sont collect\u00e9es dans le cadre de l\u2019ex\u00e9cution du contrat de vente en ligne conclu entre vous et LA MAISON DU KOJI et afin de satisfaire \u00e0 nos obligations l\u00e9gales.\nElles ont pour finalit\u00e9 de permettre la r\u00e9alisation des transactions et de proc\u00e9der au remboursement en cas de retour produit.\nCes donn\u00e9es sont collect\u00e9es directement par nos prestataires de paiement SUMUP et LA MAISON DU KOJI n\u2019y a pas acc\u00e8s. Afin de faciliter le paiement de vos commandes futures, vous avez la possibilit\u00e9, en le choisissant express\u00e9ment, de sauvegarder vos donn\u00e9es bancaires, \u00e0 l\u2019exception du cryptogramme visuel, dans votre compte client. Vous pouvez les modifier et les supprimer \u00e0 tout moment.<\/p>\n<p>Donn\u00e9es de navigation collect\u00e9es automatiquement lors de la navigation sur le Site : date et heure de connexion, heure de navigation, adresse IP, type de navigateurs internet utilis\u00e9s, type de plugins de votre navigateur, syst\u00e8mes et plateformes d\u2019exploitation, parcours de navigation sur le Site, contenu consult\u00e9 et dur\u00e9e de consultation<\/p>\n<p>Ces donn\u00e9es sont collect\u00e9es pour r\u00e9pondre \u00e0 l\u2019int\u00e9r\u00eat l\u00e9gitime de LA MAISON DU KOJI de vous proposer des produits adapt\u00e9s \u00e0 vos besoins et ont pour finalit\u00e9 de nous permettre d\u2019ex\u00e9cuter nos Conditions G\u00e9n\u00e9rales d\u2019utilisation et de r\u00e9aliser des op\u00e9rations de publicit\u00e9 cibl\u00e9es en fonction de vos historiques de navigation, des statistiques et analyses internes relatives \u00e0 l\u2019utilisation du Site&nbsp;<a href=\"http:\/\/www.adonde.fr\/\" target=\"_blank\" rel=\"noopener\">www.adonde.fr<\/a>&nbsp;utiliser<\/p>\n<h5>Tiers ayant acc\u00e8s \u00e0 vos donn\u00e9es<\/h5>\n<p>Dans le cadre de notre activit\u00e9, vos donn\u00e9es peuvent \u00eatre transf\u00e9r\u00e9es \u00e0 nos prestataires dont nous utilisons les services afin de vous fournir les n\u00f4tres : \u2028<\/p>\n<p>COLISSIMO (consulter leur politique de confidentialit\u00e9:&nbsp;<a href=\"https:\/\/www.laposte.fr\/donnees-personnelles-et-cookies\" target=\"_blank\" rel=\"noopener\">COLISSIMO Privacy Policy<\/a>) SUMUP (consulter leur politique de confidentialit\u00e9 :&nbsp;<a href=\"https:\/\/www.sumup.com\/fr-fr\/protection-des-donnees\/\" target=\"_blank\" rel=\"noopener\">SUMUP Privacy Policy<\/a>)<\/p>\n<p>Vos donn\u00e9es ne sont ni divulgu\u00e9es, ni c\u00e9d\u00e9es ni vendues \u00e0 des tiers.<\/p>\n<p>Elles pourront en revanche \u00eatre communiqu\u00e9es \u00e0 des tiers si LA MAISON DU KOJI y est contrainte dans le cadre de ses obligations l\u00e9gales et afin de d\u00e9f\u00e9rer \u00e0 des d\u00e9cisions de justice ou r\u00e9quisitions judiciaires.<\/p>\n<h5>Politique de cookies<\/h5>\n<p>Lors de votre navigation sur le Sit&nbsp;<a href=\"http:\/\/www.lamaisondukoji.com\/\" target=\"_blank\" rel=\"noopener\">www.lamaisondukoji.com<\/a>LA MAISON DU KOJI enregistre des informations relatives \u00e0 la navigation par le biais de \"cookies\" ou \"traceurs\", \u00e0 condition que vous y ayez pr\u00e9alablement et express\u00e9ment consenti.\nIls sont destin\u00e9s \u00e0 am\u00e9liorer votre exp\u00e9rience utilisateur (connexion automatique \u00e0 votre compte client, m\u00e9morisation de votre panier d\u2019achat) et \u00e0 mesurer la fr\u00e9quentation (contenu et dur\u00e9e de consultation) du Site&nbsp;<a href=\"http:\/\/www.lamaisondukoji.com\/\" target=\"_blank\" rel=\"noopener\">www.lamaisondukoji.com<\/a>&nbsp;afin d\u2019optimiser sa navigation.\nEn cliquant sur \"J\u2019accepte\", vous consentez \u00e0 ce que ces informations soient enregistr\u00e9es sur le Site&nbsp;<a href=\"http:\/\/www.lamaisondukoji.com\/\" target=\"_blank\" rel=\"noopener\">www.lamaisondukoji.com<\/a><\/p>\n<h5>S\u00e9curit\u00e9 de vos donn\u00e9es<\/h5>\n<p>Nous avons mis en place un plugin de s\u00e9curit\u00e9 afin de r\u00e9duire au minimum les risques d\u2019intrusion, de piratage, de destruction ou de perte, m\u00eame accidentelle, de ces donn\u00e9es, de consultation ou de traitement des donn\u00e9es non autoris\u00e9 ou non conforme aux fins de collecte indiqu\u00e9e dans notre Politique de Confidentialit\u00e9.\nNos prestataires de paiement SUMUP utilisent un syst\u00e8me de paiement 3D SECURE afin de s\u00e9curiser vos paiements en ligne.<\/p>\n<h5>Vos droits<\/h5>\n<p>Conform\u00e9ment aux articles 14 \u00e0 22 du R\u00e8glement n\u00b02016\/679 du 27 avril 2016, toute personne physique utilisant le Site internet&nbsp;<a href=\"http:\/\/www.lamaisondukoji.com\/\" target=\"_blank\" rel=\"noopener\">www.lamaisondukoji.com<\/a>&nbsp;dispose d\u2019un droit d\u2019acc\u00e8s \u00e0 ses donn\u00e9es \u00e0 caract\u00e8re personnel, d\u2019un droit \u00e0 leur rectification, ainsi que, dans certains cas et\/ou sous certaines conditions, d\u2019un droit \u00e0 l\u2019effacement des donn\u00e9es, d\u2019un droit \u00e0 leur portabilit\u00e9, d\u2019un droit \u00e0 la limitation de leur traitement, ainsi que d\u2019un droit de s\u2019opposer \u00e0 leur traitement.<\/p>\n<p>En application de l\u2019article 85 de la Loi Informatique et Libert\u00e9s du 6 janvier 1978, vous pouvez \u00e9galement d\u00e9finir des directives relatives \u00e0 la conservation, \u00e0 l\u2019effacement et \u00e0 la communication de vos donn\u00e9es apr\u00e8s votre d\u00e9c\u00e8s.<\/p>\n<p>Vous pouvez exercer l\u2019ensemble de ces droits en contactant LA MAISON DU KOJI \u00e0 l\u2019adresse mail&nbsp;<a href=\"mailto:lamaisondukoji@laposte.net\" target=\"_blank\" rel=\"noopener\">lamaisondukoji@laposte.net<\/a>&nbsp;ou par courrier simple \u00e0 l\u2019adresse :<\/p>\n<p>LA MAISON DU KOJI, Entreprise Individuelle <br>Eri IKEJI <br>62 rue des Fleurs<br>Lieudit JALLAT<br>63160 Saint Julien de Coppel<\/p>\n<p>En cas de doutes raisonnables relatifs \u00e0 votre identit\u00e9 dans le cadre de l\u2019exercice de ces droits, LA MAISON DU KOJI peut vous demander d\u2019en justifier.<\/p>\n<p>En l\u2019absence de r\u00e9ponse dans un d\u00e9lai d\u2019un mois \u00e0 compter de la r\u00e9ception de la demande, sauf prorogation dument notifi\u00e9e, ou \u00e0 d\u00e9faut de r\u00e9ponse satisfaisante de la part de LA MAISON DU KOJI, vous pouvez introduire une r\u00e9clamation aupr\u00e8s de l\u2019autorit\u00e9 de contr\u00f4le comp\u00e9tente.<\/p>\n<p>En France, cette r\u00e9clamation devra \u00eatre adress\u00e9e \u00e0 la Commission Nationale Informatique et Libert\u00e9s (CNIL) par courrier 3 Place de Fontenoy \u2013 TSA 80715 \u2013 75334 Paris Cedex 07 ou sur son Site internet www.cnil.fr.&nbsp;<a href=\"chrome-extension:\/\/cakobppopkpmmglabcdcklncbckjpkcl\/www.cnil.fr\" target=\"_blank\" rel=\"noopener\">CNIL website<\/a>.<\/p>\n<h5>Modalit\u00e9s et dur\u00e9es de conservation de vos Donn\u00e9es<\/h5>\n<p>Vos Donn\u00e9es sont conserv\u00e9es par LA MAISON DU KOJI pendant une dur\u00e9e n\u2019exc\u00e9dant pas celle n\u00e9cessaire au regard des finalit\u00e9s pour lesquelles elles sont trait\u00e9es.\nDans tous les cas o\u00f9 le traitement de donn\u00e9es personnelles repose sur votre consentement, elles seront conserv\u00e9es jusqu\u2019\u00e0 ce que vous le retiriez.<\/p>\n<p>Les donn\u00e9es renseign\u00e9es \u00e0 l\u2019occasion d\u2019une commande (nom, pr\u00e9nom, adresse e-mail, adresses de facturation et de livraison, num\u00e9ro de t\u00e9l\u00e9phone mobile) ainsi que les \u00e9changes avec le service client sont conserv\u00e9es pour une dur\u00e9e de trois ans \u00e0 compter de la derni\u00e8re commande pass\u00e9e sur le Site&nbsp;<a href=\"http:\/\/www.lamaisondukoji.com\/\" target=\"_blank\" rel=\"noopener\">www.lamaisondukoji.com<\/a>.<\/p>\n<p>Les donn\u00e9es renseign\u00e9es lors de la cr\u00e9ation de votre compte client seront conserv\u00e9es par LA MAISON DU KOJI jusqu\u2019\u00e0 ce que vous retiriez votre consentement mais seront en tout \u00e9tat de cause supprim\u00e9es au bout de deux ans \u00e0 compter de votre derni\u00e8re activit\u00e9.<\/p>\n<p>Les donn\u00e9es bancaires, \u00e0 l\u2019exception du cryptogramme visuel, sont conserv\u00e9es le temps strictement n\u00e9cessaire \u00e0 la r\u00e9alisation de la transaction augment\u00e9e du d\u00e9lai de r\u00e9tractation et de retour afin qu\u2019il soit proc\u00e9d\u00e9 au remboursement.<\/p>\t\t\t\t\t\t\t\t<\/div>\n\t\t\t\t<\/div>\n\t\t\t\t\t<\/div>\n\t\t\t\t<\/div>\n\t\t\t\t<\/div>","protected":false},"excerpt":{"rendered":"<p>General Information LA MAISON DU KOJI, Sole Proprietorship (\u201cLA MAISON DU KOJI\u201d) offers condiments and other products for sale online through an e-shop. As part of our business, we are required to collect personal data (hereinafter \u201cthe Data\u201d). The purpose of this personal data protection policy is to inform you about our practices, the conditions [&hellip;]<\/p>\n","protected":false},"author":12,"featured_media":0,"parent":0,"menu_order":0,"comment_status":"closed","ping_status":"closed","template":"","meta":{"footnotes":""},"class_list":["post-3649","page","type-page","status-publish","hentry"],"_links":{"self":[{"href":"https:\/\/lamaisondukoji.com\/fr\/wp-json\/wp\/v2\/pages\/3649","targetHints":{"allow":["GET"]}}],"collection":[{"href":"https:\/\/lamaisondukoji.com\/fr\/wp-json\/wp\/v2\/pages"}],"about":[{"href":"https:\/\/lamaisondukoji.com\/fr\/wp-json\/wp\/v2\/types\/page"}],"author":[{"embeddable":true,"href":"https:\/\/lamaisondukoji.com\/fr\/wp-json\/wp\/v2\/users\/12"}],"replies":[{"embeddable":true,"href":"https:\/\/lamaisondukoji.com\/fr\/wp-json\/wp\/v2\/comments?post=3649"}],"version-history":[{"count":0,"href":"https:\/\/lamaisondukoji.com\/fr\/wp-json\/wp\/v2\/pages\/3649\/revisions"}],"wp:attachment":[{"href":"https:\/\/lamaisondukoji.com\/fr\/wp-json\/wp\/v2\/media?parent=3649"}],"curies":[{"name":"wp","href":"https:\/\/api.w.org\/{rel}","templated":true}]}}