{"id":42,"date":"2023-07-04T08:45:31","date_gmt":"2023-07-04T08:45:31","guid":{"rendered":"https:\/\/bp.wpd.construction\/?page_id=42"},"modified":"2024-01-05T08:32:26","modified_gmt":"2024-01-05T08:32:26","slug":"shipping-and-handling","status":"publish","type":"page","link":"https:\/\/lamaisondukoji.com\/fr\/shipping-and-handling\/","title":{"rendered":"Livraison et frais de port"},"content":{"rendered":"<div data-elementor-type=\"wp-page\" data-elementor-id=\"42\" class=\"elementor elementor-42\" data-elementor-post-type=\"page\">\n\t\t\t\t<div class=\"elementor-element elementor-element-8bab359 accent-bg e-flex e-con-boxed e-con e-parent\" data-id=\"8bab359\" data-element_type=\"container\" data-e-type=\"container\">\n\t\t\t\t\t<div class=\"e-con-inner\">\n\t\t\t\t\t<\/div>\n\t\t\t\t<\/div>\n\t\t<div class=\"elementor-element elementor-element-87f6d77 ctn-gen e-flex e-con-boxed e-con e-parent\" data-id=\"87f6d77\" data-element_type=\"container\" data-e-type=\"container\">\n\t\t\t\t\t<div class=\"e-con-inner\">\n\t\t\t\t<div class=\"elementor-element elementor-element-cbe8ef6 elementor-widget elementor-widget-text-editor\" data-id=\"cbe8ef6\" data-element_type=\"widget\" data-e-type=\"widget\" data-widget_type=\"text-editor.default\">\n\t\t\t\t<div class=\"elementor-widget-container\">\n\t\t\t\t\t\t\t\t\t<p><strong>France m\u00e9tropolitaine et UE<\/strong><br \/>Les commandes sont pr\u00e9par\u00e9es et remises au transporteur dans un d\u00e9lai d\u2019une semaine, du lundi au vendredi (hors jours f\u00e9ri\u00e9s). Dans des cas exceptionnels, le retard sera communiqu\u00e9 par email.<\/p><p>Les frais d\u2019exp\u00e9dition incluent les frais de pr\u00e9paration et d\u2019emballage ainsi que les frais de port. Les frais de pr\u00e9paration sont fixes, tandis que les frais de transport varient selon le poids total du colis. Nous vous recommandons de regrouper tous vos articles dans une seule commande. Nous ne pouvons regrouper deux commandes plac\u00e9es s\u00e9par\u00e9ment et des frais d\u2019exp\u00e9dition s\u2019appliquent \u00e0 chacune d\u2019entre elles. Votre colis est exp\u00e9di\u00e9 \u00e0 vos propres risques, mais une attention particuli\u00e8re est port\u00e9e.<\/p><p><strong>Reste du monde<\/strong><br \/>Pour une livraison dans le reste du monde : contactez-nous pour un devis sur mesure. Les \u00e9ventuels frais administratifs ou de douane restent \u00e0 votre charge.<\/p>\t\t\t\t\t\t\t\t<\/div>\n\t\t\t\t<\/div>\n\t\t\t\t\t<\/div>\n\t\t\t\t<\/div>\n\t\t\t\t<\/div>","protected":false},"excerpt":{"rendered":"<p>Metropolitan France and EUOrders are prepared and handed over to the carrier within one week, Monday to Friday (excluding public holidays). In exceptional cases, the delay will be communicated by email. Shipping costs include preparation, packaging and postage. Preparation costs are fixed, while shipping costs vary according to the total weight of the parcel. We [&hellip;]<\/p>\n","protected":false},"author":7,"featured_media":0,"parent":0,"menu_order":0,"comment_status":"closed","ping_status":"closed","template":"","meta":{"footnotes":""},"class_list":["post-42","page","type-page","status-publish","hentry"],"_links":{"self":[{"href":"https:\/\/lamaisondukoji.com\/fr\/wp-json\/wp\/v2\/pages\/42","targetHints":{"allow":["GET"]}}],"collection":[{"href":"https:\/\/lamaisondukoji.com\/fr\/wp-json\/wp\/v2\/pages"}],"about":[{"href":"https:\/\/lamaisondukoji.com\/fr\/wp-json\/wp\/v2\/types\/page"}],"author":[{"embeddable":true,"href":"https:\/\/lamaisondukoji.com\/fr\/wp-json\/wp\/v2\/users\/7"}],"replies":[{"embeddable":true,"href":"https:\/\/lamaisondukoji.com\/fr\/wp-json\/wp\/v2\/comments?post=42"}],"version-history":[{"count":0,"href":"https:\/\/lamaisondukoji.com\/fr\/wp-json\/wp\/v2\/pages\/42\/revisions"}],"wp:attachment":[{"href":"https:\/\/lamaisondukoji.com\/fr\/wp-json\/wp\/v2\/media?parent=42"}],"curies":[{"name":"wp","href":"https:\/\/api.w.org\/{rel}","templated":true}]}}