{"id":1273,"date":"2023-10-21T10:46:12","date_gmt":"2023-10-21T10:46:12","guid":{"rendered":"https:\/\/18.wpd.construction\/?post_type=product&#038;p=1273"},"modified":"2026-04-29T08:13:48","modified_gmt":"2026-04-29T08:13:48","slug":"shoyu-with-peas-of-planeze-red-wheat-of-bordeaux","status":"publish","type":"product","link":"https:\/\/lamaisondukoji.com\/fr\/produit\/shoyu-with-peas-of-planeze-red-wheat-of-bordeaux\/","title":{"rendered":"Sh\u00f4yu de pois de Plan\u00e8ze &amp; bl\u00e9 rouge de Bordeaux"},"content":{"rendered":"<p>Mariage entre l'Auvergne et l'Occitane, ce sh\u00f4yu est \u00e9labor\u00e9 en associant des vari\u00e9t\u00e9s rares et anciennes de l\u00e9gumineuses et de c\u00e9r\u00e9ales de notre r\u00e9gion. Ils sont cultiv\u00e9s dans de petites fermes biologiques.<br \/>\nTous nos sh\u00f4yu sont non-pasteuris\u00e9s, laissant intacte la complexit\u00e9 des ar\u00f4mes et des saveurs d\u00e9licates et raffin\u00e9es. \nAjoutez juste quelques gouttes avant de servir. \nConserver toujours au r\u00e9frig\u00e9rateur pour meilleur conservation.<\/p>\n<p>Low on stock.<br \/>\nLimited availability for 100ml \/ Out of stock for 250ml<\/p>","protected":false},"excerpt":{"rendered":"<p>A marriage between Auvergne and Occitane, this shoyu is made by combining rare and old variety of legume and cereal of our region. They are grown in small organic farms. All of our shoyu are non-pasteurized, leaving the complexity of delicate and refined aromas and flavors intact. Add just a few drops before serving. Keep [&hellip;]<\/p>\n","protected":false},"featured_media":4070,"comment_status":"open","ping_status":"closed","template":"","meta":[],"product_brand":[],"product_cat":[45],"product_tag":[],"class_list":{"0":"post-1273","1":"product","2":"type-product","3":"status-publish","4":"has-post-thumbnail","6":"product_cat-shoyu","8":"first","9":"instock","10":"taxable","11":"shipping-taxable","12":"purchasable","13":"product-type-variable"},"_links":{"self":[{"href":"https:\/\/lamaisondukoji.com\/fr\/wp-json\/wp\/v2\/product\/1273","targetHints":{"allow":["GET"]}}],"collection":[{"href":"https:\/\/lamaisondukoji.com\/fr\/wp-json\/wp\/v2\/product"}],"about":[{"href":"https:\/\/lamaisondukoji.com\/fr\/wp-json\/wp\/v2\/types\/product"}],"replies":[{"embeddable":true,"href":"https:\/\/lamaisondukoji.com\/fr\/wp-json\/wp\/v2\/comments?post=1273"}],"wp:featuredmedia":[{"embeddable":true,"href":"https:\/\/lamaisondukoji.com\/fr\/wp-json\/wp\/v2\/media\/4070"}],"wp:attachment":[{"href":"https:\/\/lamaisondukoji.com\/fr\/wp-json\/wp\/v2\/media?parent=1273"}],"wp:term":[{"taxonomy":"product_brand","embeddable":true,"href":"https:\/\/lamaisondukoji.com\/fr\/wp-json\/wp\/v2\/product_brand?post=1273"},{"taxonomy":"product_cat","embeddable":true,"href":"https:\/\/lamaisondukoji.com\/fr\/wp-json\/wp\/v2\/product_cat?post=1273"},{"taxonomy":"product_tag","embeddable":true,"href":"https:\/\/lamaisondukoji.com\/fr\/wp-json\/wp\/v2\/product_tag?post=1273"}],"curies":[{"name":"wp","href":"https:\/\/api.w.org\/{rel}","templated":true}]}}