{"id":1276,"date":"2023-10-21T10:48:08","date_gmt":"2023-10-21T10:48:08","guid":{"rendered":"https:\/\/18.wpd.construction\/?post_type=product&#038;p=1276"},"modified":"2025-12-11T16:44:36","modified_gmt":"2025-12-11T16:44:36","slug":"white-shoyu-with-khorasan","status":"publish","type":"product","link":"https:\/\/lamaisondukoji.com\/fr\/produit\/white-shoyu-with-khorasan\/","title":{"rendered":"Sh\u00f4yu blond de bl\u00e9 khorasan"},"content":{"rendered":"<p>Extr\u00e9mit\u00e9 ultime du sh\u00f4yu blanc. Nous avons d\u00e9velopp\u00e9 une \u00ab sauce soja sans soja \u00bb. Ce sh\u00f4yu est compos\u00e9 \u00e0 100% de bl\u00e9 khorasan issue d\u2019un ferme biologique. Il est plus sucr\u00e9 que le sh\u00f4yu classique et compl\u00e8te les plats plus l\u00e9gers, comme les l\u00e9gumes, le poisson blanc, le tofu et les \u0153ufs.<br \/>\nTous nos sh\u00f4yu sont non-pasteuris\u00e9s, laissant intacte la complexit\u00e9 des ar\u00f4mes et des saveurs d\u00e9licates et raffin\u00e9es. \nAjoutez juste quelques gouttes avant de servir. \nConserver toujours au r\u00e9frig\u00e9rateur pour meilleur conservation.<\/p>","protected":false},"excerpt":{"rendered":"<p>Ultimate extremity of white shoyu. We developed a \u201csoy sauce without soy.\u201d This shoyu is made with 100% organic wheat of Khorasan. It is sweeter than the classic shoyu, and compliments lighter ingredients, such as vegetables, white fish, tofu, and eggs. All of our shoyu are non-pasteurized, leaving the complexity of delicate and refined aromas [&hellip;]<\/p>\n","protected":false},"featured_media":4068,"comment_status":"open","ping_status":"closed","template":"","meta":[],"product_brand":[],"product_cat":[45],"product_tag":[],"class_list":{"0":"post-1276","1":"product","2":"type-product","3":"status-publish","4":"has-post-thumbnail","6":"product_cat-shoyu","8":"first","9":"instock","10":"taxable","11":"shipping-taxable","12":"purchasable","13":"product-type-variable"},"_links":{"self":[{"href":"https:\/\/lamaisondukoji.com\/fr\/wp-json\/wp\/v2\/product\/1276","targetHints":{"allow":["GET"]}}],"collection":[{"href":"https:\/\/lamaisondukoji.com\/fr\/wp-json\/wp\/v2\/product"}],"about":[{"href":"https:\/\/lamaisondukoji.com\/fr\/wp-json\/wp\/v2\/types\/product"}],"replies":[{"embeddable":true,"href":"https:\/\/lamaisondukoji.com\/fr\/wp-json\/wp\/v2\/comments?post=1276"}],"wp:featuredmedia":[{"embeddable":true,"href":"https:\/\/lamaisondukoji.com\/fr\/wp-json\/wp\/v2\/media\/4068"}],"wp:attachment":[{"href":"https:\/\/lamaisondukoji.com\/fr\/wp-json\/wp\/v2\/media?parent=1276"}],"wp:term":[{"taxonomy":"product_brand","embeddable":true,"href":"https:\/\/lamaisondukoji.com\/fr\/wp-json\/wp\/v2\/product_brand?post=1276"},{"taxonomy":"product_cat","embeddable":true,"href":"https:\/\/lamaisondukoji.com\/fr\/wp-json\/wp\/v2\/product_cat?post=1276"},{"taxonomy":"product_tag","embeddable":true,"href":"https:\/\/lamaisondukoji.com\/fr\/wp-json\/wp\/v2\/product_tag?post=1276"}],"curies":[{"name":"wp","href":"https:\/\/api.w.org\/{rel}","templated":true}]}}