{"id":1283,"date":"2023-10-21T10:58:17","date_gmt":"2023-10-21T10:58:17","guid":{"rendered":"https:\/\/18.wpd.construction\/?post_type=product&#038;p=1283"},"modified":"2025-09-23T20:42:41","modified_gmt":"2025-09-23T20:42:41","slug":"shoyu-powder","status":"publish","type":"product","link":"https:\/\/lamaisondukoji.com\/fr\/produit\/shoyu-powder\/","title":{"rendered":"Poudre de sh\u00f4yu de soja &amp; bl\u00e9 khorasan"},"content":{"rendered":"<p>An innovation from La Maison du KOJI, you can enjoy our shoyu in powder form to add distinct aroma, flavor and texture.<\/p>\n<p>The shoyu powder of soy and khorason is highly aromatic with a note of cacao and torrefaction. It can be used as a seasoning for your dishes as well as for desserts.<\/p>\n<p>Riche en vitamine E et en vitamine K, il apporte \u00e9galement des bienfaits enzymatiques \u00e0 votre syst\u00e8me digestif.<br \/>\nConserver au r\u00e9frig\u00e9rateur.\nDate limite de pr\u00e9f\u00e9rence : 3 mois<br \/>\nPoids net 50g<\/p>","protected":false},"excerpt":{"rendered":"<p>An innovation from La Maison du KOJI, you can enjoy our shoyu in powder form to add distinct aroma, flavor and texture. The shoyu powder of soy and khorason is highly aromatic with a note of cacao and torrefaction. It can be used as a seasoning for your dishes as well as for desserts. Rich [&hellip;]<\/p>\n","protected":false},"featured_media":2276,"comment_status":"open","ping_status":"closed","template":"","meta":[],"product_brand":[],"product_cat":[53],"product_tag":[],"class_list":{"0":"post-1283","1":"product","2":"type-product","3":"status-publish","4":"has-post-thumbnail","6":"product_cat-shoyu-powder","8":"first","9":"instock","10":"taxable","11":"shipping-taxable","12":"purchasable","13":"product-type-simple"},"_links":{"self":[{"href":"https:\/\/lamaisondukoji.com\/fr\/wp-json\/wp\/v2\/product\/1283","targetHints":{"allow":["GET"]}}],"collection":[{"href":"https:\/\/lamaisondukoji.com\/fr\/wp-json\/wp\/v2\/product"}],"about":[{"href":"https:\/\/lamaisondukoji.com\/fr\/wp-json\/wp\/v2\/types\/product"}],"replies":[{"embeddable":true,"href":"https:\/\/lamaisondukoji.com\/fr\/wp-json\/wp\/v2\/comments?post=1283"}],"wp:featuredmedia":[{"embeddable":true,"href":"https:\/\/lamaisondukoji.com\/fr\/wp-json\/wp\/v2\/media\/2276"}],"wp:attachment":[{"href":"https:\/\/lamaisondukoji.com\/fr\/wp-json\/wp\/v2\/media?parent=1283"}],"wp:term":[{"taxonomy":"product_brand","embeddable":true,"href":"https:\/\/lamaisondukoji.com\/fr\/wp-json\/wp\/v2\/product_brand?post=1283"},{"taxonomy":"product_cat","embeddable":true,"href":"https:\/\/lamaisondukoji.com\/fr\/wp-json\/wp\/v2\/product_cat?post=1283"},{"taxonomy":"product_tag","embeddable":true,"href":"https:\/\/lamaisondukoji.com\/fr\/wp-json\/wp\/v2\/product_tag?post=1283"}],"curies":[{"name":"wp","href":"https:\/\/api.w.org\/{rel}","templated":true}]}}