{"id":1287,"date":"2023-10-21T11:13:36","date_gmt":"2023-10-21T11:13:36","guid":{"rendered":"https:\/\/18.wpd.construction\/?post_type=product&#038;p=1287"},"modified":"2025-11-04T08:11:36","modified_gmt":"2025-11-04T08:11:36","slug":"miso-rouge-hokkaido","status":"publish","type":"product","link":"https:\/\/lamaisondukoji.com\/fr\/produit\/miso-rouge-hokkaido\/","title":{"rendered":"Miso rouge Hokkaido"},"content":{"rendered":"<p>Notre miso le plus pris\u00e9. Fabriqu\u00e9 \u00e0 partir de graines de soja provient d'Hokkaido d'un agriculteur qui pratique la m\u00e9thode du \u00ab Shizen N\u00f4h\u00f4 \u00bb un syst\u00e8me compl\u00e8tement naturel sans engrais artificiel ni pesticide. Ce soja sans OGM bien s\u00fbr est d'une vari\u00e9t\u00e9 sup\u00e9rieure \u00e0 tr\u00e8s forte teneur en prot\u00e9ines.<\/p>\n<p>Pour le koji, nous polissons nous-m\u00eames le riz \u00e0 un degr\u00e9 qui est le plus favorable aux activit\u00e9s du koji. Une fois il est pr\u00e9par\u00e9, le miso est ferment\u00e9 dans un ok\u00e9, un tonneau en bois de sugi (c\u00e8dre japonais) naturel pendant un an.<\/p>","protected":false},"excerpt":{"rendered":"<p>Our most prized miso is made with soy beans that grow in Hokkaido, Japan, which follow the method of Shizen N\u00f4h\u00f4, a natural system without the usage of inorganic fertilizer and pesticides. These non-GMO soy is of a superior variety with very high protein content. For koji, we polish the rice ourselves to a degree [&hellip;]<\/p>\n","protected":false},"featured_media":2287,"comment_status":"open","ping_status":"closed","template":"","meta":[],"product_brand":[],"product_cat":[56,44],"product_tag":[],"class_list":{"0":"post-1287","1":"product","2":"type-product","3":"status-publish","4":"has-post-thumbnail","6":"product_cat-gluten-free","7":"product_cat-miso","9":"first","10":"outofstock","11":"taxable","12":"shipping-taxable","13":"purchasable","14":"product-type-simple"},"_links":{"self":[{"href":"https:\/\/lamaisondukoji.com\/fr\/wp-json\/wp\/v2\/product\/1287","targetHints":{"allow":["GET"]}}],"collection":[{"href":"https:\/\/lamaisondukoji.com\/fr\/wp-json\/wp\/v2\/product"}],"about":[{"href":"https:\/\/lamaisondukoji.com\/fr\/wp-json\/wp\/v2\/types\/product"}],"replies":[{"embeddable":true,"href":"https:\/\/lamaisondukoji.com\/fr\/wp-json\/wp\/v2\/comments?post=1287"}],"wp:featuredmedia":[{"embeddable":true,"href":"https:\/\/lamaisondukoji.com\/fr\/wp-json\/wp\/v2\/media\/2287"}],"wp:attachment":[{"href":"https:\/\/lamaisondukoji.com\/fr\/wp-json\/wp\/v2\/media?parent=1287"}],"wp:term":[{"taxonomy":"product_brand","embeddable":true,"href":"https:\/\/lamaisondukoji.com\/fr\/wp-json\/wp\/v2\/product_brand?post=1287"},{"taxonomy":"product_cat","embeddable":true,"href":"https:\/\/lamaisondukoji.com\/fr\/wp-json\/wp\/v2\/product_cat?post=1287"},{"taxonomy":"product_tag","embeddable":true,"href":"https:\/\/lamaisondukoji.com\/fr\/wp-json\/wp\/v2\/product_tag?post=1287"}],"curies":[{"name":"wp","href":"https:\/\/api.w.org\/{rel}","templated":true}]}}