{"id":1291,"date":"2023-10-21T11:20:41","date_gmt":"2023-10-21T11:20:41","guid":{"rendered":"https:\/\/18.wpd.construction\/?post_type=product&#038;p=1291"},"modified":"2025-11-04T08:12:16","modified_gmt":"2025-11-04T08:12:16","slug":"shiso-miso","status":"publish","type":"product","link":"https:\/\/lamaisondukoji.com\/fr\/produit\/shiso-miso\/","title":{"rendered":"Shiso Miso"},"content":{"rendered":"<p>Le miso au shiso, notre \u00e9dition limit\u00e9e saisonni\u00e8re, est d\u00e9sormais disponible. Dans la limite des stocks disponibles.<\/p>\n<p>Nous mettons 20 feuilles de shiso dans chaque pot et les m\u00e9langeons avec notre miso rouge. Cette recette au r\u00e9sultat luxueux est une exp\u00e9rience inoubliable.<\/p>\n<p>Utilisez-le comme condiment, comme vous le feriez avec une moutarde, pour rehausser la saveur du poulet r\u00f4ti, des sashimis ou de la viande grill\u00e9e. Il constitue \u00e9galement une excellente garniture pour les onigiri.<\/p>\n<p>Conserver au r\u00e9frig\u00e9rateur.\nDate limite de pr\u00e9f\u00e9rence : 3 mois<\/p>","protected":false},"excerpt":{"rendered":"<p>Our seasonal limited edition, available from 10 October. You can begin reserving your supply from 2 October 2025. We slice 20 leaves of home grown shiso into our red miso and home made mirin, which adds a hint of sweetness. The result is an unforgettable experience. Use it as a condiment like you would a [&hellip;]<\/p>\n","protected":false},"featured_media":2278,"comment_status":"closed","ping_status":"closed","template":"","meta":[],"product_brand":[],"product_cat":[56,44],"product_tag":[],"class_list":{"0":"post-1291","1":"product","2":"type-product","3":"status-publish","4":"has-post-thumbnail","6":"product_cat-gluten-free","7":"product_cat-miso","9":"first","10":"outofstock","11":"taxable","12":"shipping-taxable","13":"purchasable","14":"product-type-simple"},"_links":{"self":[{"href":"https:\/\/lamaisondukoji.com\/fr\/wp-json\/wp\/v2\/product\/1291","targetHints":{"allow":["GET"]}}],"collection":[{"href":"https:\/\/lamaisondukoji.com\/fr\/wp-json\/wp\/v2\/product"}],"about":[{"href":"https:\/\/lamaisondukoji.com\/fr\/wp-json\/wp\/v2\/types\/product"}],"replies":[{"embeddable":true,"href":"https:\/\/lamaisondukoji.com\/fr\/wp-json\/wp\/v2\/comments?post=1291"}],"wp:featuredmedia":[{"embeddable":true,"href":"https:\/\/lamaisondukoji.com\/fr\/wp-json\/wp\/v2\/media\/2278"}],"wp:attachment":[{"href":"https:\/\/lamaisondukoji.com\/fr\/wp-json\/wp\/v2\/media?parent=1291"}],"wp:term":[{"taxonomy":"product_brand","embeddable":true,"href":"https:\/\/lamaisondukoji.com\/fr\/wp-json\/wp\/v2\/product_brand?post=1291"},{"taxonomy":"product_cat","embeddable":true,"href":"https:\/\/lamaisondukoji.com\/fr\/wp-json\/wp\/v2\/product_cat?post=1291"},{"taxonomy":"product_tag","embeddable":true,"href":"https:\/\/lamaisondukoji.com\/fr\/wp-json\/wp\/v2\/product_tag?post=1291"}],"curies":[{"name":"wp","href":"https:\/\/api.w.org\/{rel}","templated":true}]}}