{"id":1296,"date":"2023-10-21T11:26:19","date_gmt":"2023-10-21T11:26:19","guid":{"rendered":"https:\/\/18.wpd.construction\/?post_type=product&#038;p=1296"},"modified":"2025-09-23T20:39:44","modified_gmt":"2025-09-23T20:39:44","slug":"yuzu-kosho-by-mi-so-ra-do","status":"publish","type":"product","link":"https:\/\/lamaisondukoji.com\/fr\/produit\/yuzu-kosho-by-mi-so-ra-do\/","title":{"rendered":"Yuzu kosho par Mi-So-Ra-Do"},"content":{"rendered":"<p>Un yuzu kosho fabriqu\u00e9 artisanalement \u00e0 Shimanto \u00e0 Kochi par Mi-so-ra-do. Chaque \u00e9tape est r\u00e9alis\u00e9e \u00e0 la main, en utilisant uniquement une fine couche ext\u00e9rieure du zeste et du jus de yuzu, du piment provenant d'une ferme naturelle et du sel de mer. Les yuzus utilis\u00e9s sont cultiv\u00e9s dans la for\u00eat, sans pesticide ni engrais inorganique. Quantit\u00e9 extr\u00eamement limit\u00e9e.<\/p>\n<p>Il suffit d'une pinc\u00e9e de Yuzu Kosho et de quelques gouttes de notre shoyu pour assaisonner le poisson ou la viande grill\u00e9e.<br \/>\nIl s'agit d'un produit saisonnier.<br \/>\n40gm Net weight.<\/p>","protected":false},"excerpt":{"rendered":"<p>La Maison du KOJI is the exclusive distributor of Mi-so-ra-do\u2019s Yuzu-kosho made with naturally grown yuzu of Shimanto in Kochi prefecture. It is an ultra-luxury yuzu-kosho made by hand using only the most outer green part of the zest of yuzu, green hot pepper, and sea salt. You need just a pinch of Yuzu Kosho [&hellip;]<\/p>\n","protected":false},"featured_media":2323,"comment_status":"open","ping_status":"closed","template":"","meta":[],"product_brand":[],"product_cat":[33],"product_tag":[],"class_list":{"0":"post-1296","1":"product","2":"type-product","3":"status-publish","4":"has-post-thumbnail","6":"product_cat-other-condiments","8":"first","9":"outofstock","10":"taxable","11":"shipping-taxable","12":"purchasable","13":"product-type-simple"},"_links":{"self":[{"href":"https:\/\/lamaisondukoji.com\/fr\/wp-json\/wp\/v2\/product\/1296","targetHints":{"allow":["GET"]}}],"collection":[{"href":"https:\/\/lamaisondukoji.com\/fr\/wp-json\/wp\/v2\/product"}],"about":[{"href":"https:\/\/lamaisondukoji.com\/fr\/wp-json\/wp\/v2\/types\/product"}],"replies":[{"embeddable":true,"href":"https:\/\/lamaisondukoji.com\/fr\/wp-json\/wp\/v2\/comments?post=1296"}],"wp:featuredmedia":[{"embeddable":true,"href":"https:\/\/lamaisondukoji.com\/fr\/wp-json\/wp\/v2\/media\/2323"}],"wp:attachment":[{"href":"https:\/\/lamaisondukoji.com\/fr\/wp-json\/wp\/v2\/media?parent=1296"}],"wp:term":[{"taxonomy":"product_brand","embeddable":true,"href":"https:\/\/lamaisondukoji.com\/fr\/wp-json\/wp\/v2\/product_brand?post=1296"},{"taxonomy":"product_cat","embeddable":true,"href":"https:\/\/lamaisondukoji.com\/fr\/wp-json\/wp\/v2\/product_cat?post=1296"},{"taxonomy":"product_tag","embeddable":true,"href":"https:\/\/lamaisondukoji.com\/fr\/wp-json\/wp\/v2\/product_tag?post=1296"}],"curies":[{"name":"wp","href":"https:\/\/api.w.org\/{rel}","templated":true}]}}