{"id":1990,"date":"2023-11-08T10:16:20","date_gmt":"2023-11-08T10:16:20","guid":{"rendered":"https:\/\/18.wpd.construction\/?post_type=product&#038;p=1990"},"modified":"2026-03-05T17:22:34","modified_gmt":"2026-03-05T17:22:34","slug":"tokoname-crocks","status":"publish","type":"product","link":"https:\/\/lamaisondukoji.com\/fr\/produit\/tokoname-crocks\/","title":{"rendered":"Tokoname CROCKS"},"content":{"rendered":"<p>Au cours de ses 900 ans d'histoire, la c\u00e9ramique de TOKONOM\u00c9 a joui d'une r\u00e9putation dans tout le Japon pour la qualit\u00e9 de ses mat\u00e9riaux et de sa m\u00e9thode de fabrication, notamment pour son utilisation dans la fabrication de divers aliments ferment\u00e9s ou conserv\u00e9s.\nAvec son design contemporain, c'est aussi un bel objet dans votre cuisine. Extr\u00eamement adapt\u00e9 \u00e0 la fermentation du miso, pensez \u00e0 l'acheter avec l'atelier miso.<\/p>","protected":false},"excerpt":{"rendered":"<p>Tokoname is one of the Six Ancient Kilns in Japan. This high quality pottery is made of purely local Tokoname red clay with a high clay content and chemical-free glazing. Acid and salt resistant and low in thermal conductivity, they are ideal for miso fermentation as well as for stocking tsukemono, umeboshi, and nukazuke. Contemporary [&hellip;]<\/p>\n","protected":false},"featured_media":2286,"comment_status":"open","ping_status":"closed","template":"","meta":[],"product_brand":[],"product_cat":[104],"product_tag":[],"class_list":{"0":"post-1990","1":"product","2":"type-product","3":"status-publish","4":"has-post-thumbnail","6":"product_cat-utencils","8":"first","9":"instock","10":"taxable","11":"shipping-taxable","12":"purchasable","13":"product-type-variable"},"_links":{"self":[{"href":"https:\/\/lamaisondukoji.com\/fr\/wp-json\/wp\/v2\/product\/1990","targetHints":{"allow":["GET"]}}],"collection":[{"href":"https:\/\/lamaisondukoji.com\/fr\/wp-json\/wp\/v2\/product"}],"about":[{"href":"https:\/\/lamaisondukoji.com\/fr\/wp-json\/wp\/v2\/types\/product"}],"replies":[{"embeddable":true,"href":"https:\/\/lamaisondukoji.com\/fr\/wp-json\/wp\/v2\/comments?post=1990"}],"wp:featuredmedia":[{"embeddable":true,"href":"https:\/\/lamaisondukoji.com\/fr\/wp-json\/wp\/v2\/media\/2286"}],"wp:attachment":[{"href":"https:\/\/lamaisondukoji.com\/fr\/wp-json\/wp\/v2\/media?parent=1990"}],"wp:term":[{"taxonomy":"product_brand","embeddable":true,"href":"https:\/\/lamaisondukoji.com\/fr\/wp-json\/wp\/v2\/product_brand?post=1990"},{"taxonomy":"product_cat","embeddable":true,"href":"https:\/\/lamaisondukoji.com\/fr\/wp-json\/wp\/v2\/product_cat?post=1990"},{"taxonomy":"product_tag","embeddable":true,"href":"https:\/\/lamaisondukoji.com\/fr\/wp-json\/wp\/v2\/product_tag?post=1990"}],"curies":[{"name":"wp","href":"https:\/\/api.w.org\/{rel}","templated":true}]}}