{"id":2001,"date":"2023-11-08T10:55:57","date_gmt":"2023-11-08T10:55:57","guid":{"rendered":"https:\/\/18.wpd.construction\/?post_type=product&#038;p=2001"},"modified":"2025-09-23T20:37:06","modified_gmt":"2025-09-23T20:37:06","slug":"miso-rouge-pois-de-planeze","status":"publish","type":"product","link":"https:\/\/lamaisondukoji.com\/fr\/produit\/miso-rouge-pois-de-planeze\/","title":{"rendered":"Miso rouge Pois de Planeze"},"content":{"rendered":"<p>Notre miso r\u00e9gional est tr\u00e8s appr\u00e9ci\u00e9 pour son go\u00fbt l\u00e9g\u00e8rement plus prononc\u00e9 de l\u00e9gumineuses. Doux et \u00e9quilibr\u00e9, il est \u00e9labor\u00e9 avec des pois de Plan\u00e8ze provenant d'une ferme biologique artisanale.<\/p>","protected":false},"excerpt":{"rendered":"<p>Notre miso r\u00e9gional est tr\u00e8s appr\u00e9ci\u00e9 pour son go\u00fbt l\u00e9g\u00e8rement plus prononc\u00e9 de l\u00e9gumineuses. Doux et \u00e9quilibr\u00e9, il est \u00e9labor\u00e9 avec des pois de Plan\u00e8ze provenant d'une ferme biologique artisanale.<\/p>","protected":false},"featured_media":662,"comment_status":"open","ping_status":"closed","template":"","meta":[],"product_brand":[],"product_cat":[56,44],"product_tag":[],"class_list":{"0":"post-2001","1":"product","2":"type-product","3":"status-publish","4":"has-post-thumbnail","6":"product_cat-gluten-free","7":"product_cat-miso","9":"first","10":"outofstock","11":"taxable","12":"shipping-taxable","13":"purchasable","14":"product-type-variable","15":"has-default-attributes"},"_links":{"self":[{"href":"https:\/\/lamaisondukoji.com\/fr\/wp-json\/wp\/v2\/product\/2001","targetHints":{"allow":["GET"]}}],"collection":[{"href":"https:\/\/lamaisondukoji.com\/fr\/wp-json\/wp\/v2\/product"}],"about":[{"href":"https:\/\/lamaisondukoji.com\/fr\/wp-json\/wp\/v2\/types\/product"}],"replies":[{"embeddable":true,"href":"https:\/\/lamaisondukoji.com\/fr\/wp-json\/wp\/v2\/comments?post=2001"}],"wp:featuredmedia":[{"embeddable":true,"href":"https:\/\/lamaisondukoji.com\/fr\/wp-json\/wp\/v2\/media\/662"}],"wp:attachment":[{"href":"https:\/\/lamaisondukoji.com\/fr\/wp-json\/wp\/v2\/media?parent=2001"}],"wp:term":[{"taxonomy":"product_brand","embeddable":true,"href":"https:\/\/lamaisondukoji.com\/fr\/wp-json\/wp\/v2\/product_brand?post=2001"},{"taxonomy":"product_cat","embeddable":true,"href":"https:\/\/lamaisondukoji.com\/fr\/wp-json\/wp\/v2\/product_cat?post=2001"},{"taxonomy":"product_tag","embeddable":true,"href":"https:\/\/lamaisondukoji.com\/fr\/wp-json\/wp\/v2\/product_tag?post=2001"}],"curies":[{"name":"wp","href":"https:\/\/api.w.org\/{rel}","templated":true}]}}