{"id":2003,"date":"2023-11-08T11:01:03","date_gmt":"2023-11-08T11:01:03","guid":{"rendered":"https:\/\/18.wpd.construction\/?post_type=product&#038;p=2003"},"modified":"2025-09-23T20:41:51","modified_gmt":"2025-09-23T20:41:51","slug":"shoyu-with-soy-khorasan","status":"publish","type":"product","link":"https:\/\/lamaisondukoji.com\/fr\/produit\/shoyu-with-soy-khorasan\/","title":{"rendered":"Sh\u00f4yu de soja &amp; bl\u00e9 khorasan"},"content":{"rendered":"<p>Notre sauce soja la plus classique \u00e0 base de f\u00e8ve de soja bio et de bl\u00e9 bio de bl\u00e9 khorasan, de sel de Gu\u00e9rande et d'eau de source pure des montagnes du Mont Dore.<br \/>\nAll of our shoyu are fermented naturally and non-pasteurized, leaving the complexity of delicate and refined aromas and flavors intact.<\/p>\n<p>Ajouter quelques gouttes avant de servir. Garder au frais.<\/p>\n<p>Tous les ingr\u00e9dients proviennent d'agriculteurs biologiques. Soja sans OGM.<\/p>","protected":false},"excerpt":{"rendered":"<p>Our most classic soy sauce made with organic soy beans and organic wheat of Khorasan, salt of Gu\u00e9rande and pure source water from the mountains of Mont d\u2019or. All of our shoyu are fermented naturally and non-pasteurized, leaving the complexity of delicate and refined aromas and flavors intact. Add just a few drops before serving. [&hellip;]<\/p>\n","protected":false},"featured_media":4067,"comment_status":"open","ping_status":"closed","template":"","meta":[],"product_brand":[],"product_cat":[45],"product_tag":[],"class_list":{"0":"post-2003","1":"product","2":"type-product","3":"status-publish","4":"has-post-thumbnail","6":"product_cat-shoyu","8":"first","9":"outofstock","10":"taxable","11":"shipping-taxable","12":"purchasable","13":"product-type-variable","14":"has-default-attributes"},"_links":{"self":[{"href":"https:\/\/lamaisondukoji.com\/fr\/wp-json\/wp\/v2\/product\/2003","targetHints":{"allow":["GET"]}}],"collection":[{"href":"https:\/\/lamaisondukoji.com\/fr\/wp-json\/wp\/v2\/product"}],"about":[{"href":"https:\/\/lamaisondukoji.com\/fr\/wp-json\/wp\/v2\/types\/product"}],"replies":[{"embeddable":true,"href":"https:\/\/lamaisondukoji.com\/fr\/wp-json\/wp\/v2\/comments?post=2003"}],"wp:featuredmedia":[{"embeddable":true,"href":"https:\/\/lamaisondukoji.com\/fr\/wp-json\/wp\/v2\/media\/4067"}],"wp:attachment":[{"href":"https:\/\/lamaisondukoji.com\/fr\/wp-json\/wp\/v2\/media?parent=2003"}],"wp:term":[{"taxonomy":"product_brand","embeddable":true,"href":"https:\/\/lamaisondukoji.com\/fr\/wp-json\/wp\/v2\/product_brand?post=2003"},{"taxonomy":"product_cat","embeddable":true,"href":"https:\/\/lamaisondukoji.com\/fr\/wp-json\/wp\/v2\/product_cat?post=2003"},{"taxonomy":"product_tag","embeddable":true,"href":"https:\/\/lamaisondukoji.com\/fr\/wp-json\/wp\/v2\/product_tag?post=2003"}],"curies":[{"name":"wp","href":"https:\/\/api.w.org\/{rel}","templated":true}]}}