{"id":2011,"date":"2023-11-08T11:07:29","date_gmt":"2023-11-08T11:07:29","guid":{"rendered":"https:\/\/18.wpd.construction\/?post_type=product&#038;p=2011"},"modified":"2025-10-15T20:14:35","modified_gmt":"2025-10-15T20:14:35","slug":"shoyu-double-fermentation","status":"publish","type":"product","link":"https:\/\/lamaisondukoji.com\/fr\/produit\/shoyu-double-fermentation\/","title":{"rendered":"Shoyu Double Fermentation of Plan\u00e8ze Peas and Poulard Wheat of Auvergne"},"content":{"rendered":"<p>Double fermented shoyu of Auvergne is made with rare peas that grow in the Plan\u00e8ze region around Saint-Flour and wheat of Poulard of Puy-de-Dome.<\/p>\n<p>Tous nos sh\u00f4yu sont non-pasteuris\u00e9s, gardant la complexit\u00e9 des ar\u00f4mes et des saveurs d\u00e9licates et raffin\u00e9es. Ajoutez juste quelques gouttes avant de servir. \nConserver toujours au r\u00e9frig\u00e9rateur pour meilleur conservation.<br \/>\n\u00c9dition limit\u00e9e. Disponible \u00e0 partir de mars 2024.<\/p>","protected":false},"excerpt":{"rendered":"<p>Double fermented shoyu of Auvergne is made with rare peas that grow in the Plan\u00e8ze region around Saint-Flour and wheat of Poulard of Puy-de-Dome. After one year of fermentation in an oak barrel from Tron\u00e7ais forest, it is mixed with additional koji and brewed for another year. The result is an incredibly round and delicate [&hellip;]<\/p>\n","protected":false},"featured_media":4071,"comment_status":"open","ping_status":"closed","template":"","meta":[],"product_brand":[],"product_cat":[45],"product_tag":[],"class_list":{"0":"post-2011","1":"product","2":"type-product","3":"status-publish","4":"has-post-thumbnail","6":"product_cat-shoyu","8":"first","9":"instock","10":"taxable","11":"shipping-taxable","12":"purchasable","13":"product-type-variable"},"_links":{"self":[{"href":"https:\/\/lamaisondukoji.com\/fr\/wp-json\/wp\/v2\/product\/2011","targetHints":{"allow":["GET"]}}],"collection":[{"href":"https:\/\/lamaisondukoji.com\/fr\/wp-json\/wp\/v2\/product"}],"about":[{"href":"https:\/\/lamaisondukoji.com\/fr\/wp-json\/wp\/v2\/types\/product"}],"replies":[{"embeddable":true,"href":"https:\/\/lamaisondukoji.com\/fr\/wp-json\/wp\/v2\/comments?post=2011"}],"wp:featuredmedia":[{"embeddable":true,"href":"https:\/\/lamaisondukoji.com\/fr\/wp-json\/wp\/v2\/media\/4071"}],"wp:attachment":[{"href":"https:\/\/lamaisondukoji.com\/fr\/wp-json\/wp\/v2\/media?parent=2011"}],"wp:term":[{"taxonomy":"product_brand","embeddable":true,"href":"https:\/\/lamaisondukoji.com\/fr\/wp-json\/wp\/v2\/product_brand?post=2011"},{"taxonomy":"product_cat","embeddable":true,"href":"https:\/\/lamaisondukoji.com\/fr\/wp-json\/wp\/v2\/product_cat?post=2011"},{"taxonomy":"product_tag","embeddable":true,"href":"https:\/\/lamaisondukoji.com\/fr\/wp-json\/wp\/v2\/product_tag?post=2011"}],"curies":[{"name":"wp","href":"https:\/\/api.w.org\/{rel}","templated":true}]}}