{"id":2013,"date":"2023-11-08T11:10:50","date_gmt":"2023-11-08T11:10:50","guid":{"rendered":"https:\/\/18.wpd.construction\/?post_type=product&#038;p=2013"},"modified":"2025-10-10T21:47:02","modified_gmt":"2025-10-10T21:47:02","slug":"shoyu-powder-peas-of-planeze-red-wheat-of-bordeaux","status":"publish","type":"product","link":"https:\/\/lamaisondukoji.com\/fr\/produit\/shoyu-powder-peas-of-planeze-red-wheat-of-bordeaux\/","title":{"rendered":"Poudre de sh\u00f4yu de pois de Plan\u00e8ze &amp; bl\u00e9 rouge de Bordeaux"},"content":{"rendered":"<p>Innovation de La Maison du KOJI, vous pourrez d\u00e9guster notre sh\u00f4yu sous forme de poudre. Il peut \u00eatre utilis\u00e9 comme assaisonnement pour vos plats ainsi que vos desserts.<\/p>\n<p>Riche en vitamine E et en vitamine K, il apporte \u00e9galement des bienfaits enzymatiques \u00e0 votre syst\u00e8me digestif.<br \/>\nLa poudre de sh\u00f4yu de Plan\u00e8ze poss\u00e8de un ar\u00f4me complexe de noisette et de sh\u00f4yu classique.<br \/>\nConserver au r\u00e9frig\u00e9rateur.\nDate limite de pr\u00e9f\u00e9rence : 3 mois<br \/>\nPoids net 50g<\/p>","protected":false},"excerpt":{"rendered":"<p>An innovation from La Maison du KOJI, you can enjoy our shoyu in powder form. It can be used as a seasoning for your dishes as well as desserts. Rich in Vitamin E and Vitamin K, it also provides enzymatic benefits for your digestive system. The shoyu powder of Planeze has a complex aroma of [&hellip;]<\/p>\n","protected":false},"featured_media":2094,"comment_status":"open","ping_status":"closed","template":"","meta":[],"product_brand":[],"product_cat":[53],"product_tag":[],"class_list":{"0":"post-2013","1":"product","2":"type-product","3":"status-publish","4":"has-post-thumbnail","6":"product_cat-shoyu-powder","8":"first","9":"instock","10":"taxable","11":"shipping-taxable","12":"purchasable","13":"product-type-simple"},"_links":{"self":[{"href":"https:\/\/lamaisondukoji.com\/fr\/wp-json\/wp\/v2\/product\/2013","targetHints":{"allow":["GET"]}}],"collection":[{"href":"https:\/\/lamaisondukoji.com\/fr\/wp-json\/wp\/v2\/product"}],"about":[{"href":"https:\/\/lamaisondukoji.com\/fr\/wp-json\/wp\/v2\/types\/product"}],"replies":[{"embeddable":true,"href":"https:\/\/lamaisondukoji.com\/fr\/wp-json\/wp\/v2\/comments?post=2013"}],"wp:featuredmedia":[{"embeddable":true,"href":"https:\/\/lamaisondukoji.com\/fr\/wp-json\/wp\/v2\/media\/2094"}],"wp:attachment":[{"href":"https:\/\/lamaisondukoji.com\/fr\/wp-json\/wp\/v2\/media?parent=2013"}],"wp:term":[{"taxonomy":"product_brand","embeddable":true,"href":"https:\/\/lamaisondukoji.com\/fr\/wp-json\/wp\/v2\/product_brand?post=2013"},{"taxonomy":"product_cat","embeddable":true,"href":"https:\/\/lamaisondukoji.com\/fr\/wp-json\/wp\/v2\/product_cat?post=2013"},{"taxonomy":"product_tag","embeddable":true,"href":"https:\/\/lamaisondukoji.com\/fr\/wp-json\/wp\/v2\/product_tag?post=2013"}],"curies":[{"name":"wp","href":"https:\/\/api.w.org\/{rel}","templated":true}]}}