{"id":2581,"date":"2023-11-24T15:12:48","date_gmt":"2023-11-24T15:12:48","guid":{"rendered":"https:\/\/18.wpd.construction\/?post_type=product&#038;p=2581"},"modified":"2025-11-04T08:14:59","modified_gmt":"2025-11-04T08:14:59","slug":"shoyu-of-soy-and-poulard-wheat-of-auvergne","status":"publish","type":"product","link":"https:\/\/lamaisondukoji.com\/fr\/produit\/shoyu-of-soy-and-poulard-wheat-of-auvergne\/","title":{"rendered":"Sh\u00f4yu de soja &amp; bl\u00e9 Poulard d'Auvergne"},"content":{"rendered":"<p>Notre sauce soja classique pour 2024 est fabriqu\u00e9e \u00e0 base de f\u00e8ve de soja bio et de bl\u00e9 Poulard de Puy de D\u00f4me bio, de sel de Gu\u00e9rande et d'eau de source pure des montagnes du Mont Dore.<\/p>\n<p>Tous nos sh\u00f4yu sont non-pasteuris\u00e9s, laissant intacte la complexit\u00e9 des ar\u00f4mes et des saveurs d\u00e9licates et raffin\u00e9es. \nAjoutez juste quelques gouttes avant de servir. \nConserver toujours au r\u00e9frig\u00e9rateur pour meilleur conservation.<\/p>","protected":false},"excerpt":{"rendered":"<p>Our classic soy sauce for 2024, made with organic soy beans and organic wheat of Poulard (an old variety of wheat in Auvergne), salt of Gu\u00e9rande and pure source water from the mountains of Mont Dore. All of our shoyu are non-pasteurized, leaving the complexity of delicate and refined aromas and flavors intact. Add just [&hellip;]<\/p>\n","protected":false},"featured_media":4077,"comment_status":"open","ping_status":"closed","template":"","meta":[],"product_brand":[],"product_cat":[45],"product_tag":[],"class_list":{"0":"post-2581","1":"product","2":"type-product","3":"status-publish","4":"has-post-thumbnail","6":"product_cat-shoyu","8":"first","9":"instock","10":"taxable","11":"shipping-taxable","12":"purchasable","13":"product-type-variable"},"_links":{"self":[{"href":"https:\/\/lamaisondukoji.com\/fr\/wp-json\/wp\/v2\/product\/2581","targetHints":{"allow":["GET"]}}],"collection":[{"href":"https:\/\/lamaisondukoji.com\/fr\/wp-json\/wp\/v2\/product"}],"about":[{"href":"https:\/\/lamaisondukoji.com\/fr\/wp-json\/wp\/v2\/types\/product"}],"replies":[{"embeddable":true,"href":"https:\/\/lamaisondukoji.com\/fr\/wp-json\/wp\/v2\/comments?post=2581"}],"wp:featuredmedia":[{"embeddable":true,"href":"https:\/\/lamaisondukoji.com\/fr\/wp-json\/wp\/v2\/media\/4077"}],"wp:attachment":[{"href":"https:\/\/lamaisondukoji.com\/fr\/wp-json\/wp\/v2\/media?parent=2581"}],"wp:term":[{"taxonomy":"product_brand","embeddable":true,"href":"https:\/\/lamaisondukoji.com\/fr\/wp-json\/wp\/v2\/product_brand?post=2581"},{"taxonomy":"product_cat","embeddable":true,"href":"https:\/\/lamaisondukoji.com\/fr\/wp-json\/wp\/v2\/product_cat?post=2581"},{"taxonomy":"product_tag","embeddable":true,"href":"https:\/\/lamaisondukoji.com\/fr\/wp-json\/wp\/v2\/product_tag?post=2581"}],"curies":[{"name":"wp","href":"https:\/\/api.w.org\/{rel}","templated":true}]}}