{"id":2584,"date":"2023-11-24T15:19:57","date_gmt":"2023-11-24T15:19:57","guid":{"rendered":"https:\/\/18.wpd.construction\/?post_type=product&#038;p=2584"},"modified":"2025-09-23T20:40:07","modified_gmt":"2025-09-23T20:40:07","slug":"red-miso-of-chickpea-and-barley","status":"publish","type":"product","link":"https:\/\/lamaisondukoji.com\/fr\/produit\/red-miso-of-chickpea-and-barley\/","title":{"rendered":"Miso rouge pois chiche &amp; orge"},"content":{"rendered":"<p>Un miso local, les amateurs de pois chiches se sentent r\u00e9confort\u00e9s par cette variante du miso. Les pois chiches proviennent d'une ferme biologique 20 minutes de chez nous. Le koji d'orge rend ce miso l\u00e9g\u00e8rement plus \u00e9pais et sucr\u00e9.<\/p>\n<p>MODE D'EMPLOI :<br \/>\nCe miso est adapt\u00e9 \u00e0 la pr\u00e9paration d'une soupe miso ainsi qu'\u00e0 l'utilisation comme condiment pour la pr\u00e9paration de diverses sauces et marinades.<\/p>","protected":false},"excerpt":{"rendered":"<p>This flavorful red miso is made with chickpeas grown in an organic farm nearby near Issoir in Auvergne. This unusual combination with barley instead of rice gives a sweeter result and a slightly thicker texture. HOW TO USE : This miso is adapted for both making miso soup as well as using as a condiment [&hellip;]<\/p>\n","protected":false},"featured_media":2598,"comment_status":"open","ping_status":"closed","template":"","meta":[],"product_brand":[],"product_cat":[44],"product_tag":[],"class_list":{"0":"post-2584","1":"product","2":"type-product","3":"status-publish","4":"has-post-thumbnail","6":"product_cat-miso","8":"first","9":"outofstock","10":"taxable","11":"shipping-taxable","12":"purchasable","13":"product-type-variable","14":"has-default-attributes"},"_links":{"self":[{"href":"https:\/\/lamaisondukoji.com\/fr\/wp-json\/wp\/v2\/product\/2584","targetHints":{"allow":["GET"]}}],"collection":[{"href":"https:\/\/lamaisondukoji.com\/fr\/wp-json\/wp\/v2\/product"}],"about":[{"href":"https:\/\/lamaisondukoji.com\/fr\/wp-json\/wp\/v2\/types\/product"}],"replies":[{"embeddable":true,"href":"https:\/\/lamaisondukoji.com\/fr\/wp-json\/wp\/v2\/comments?post=2584"}],"wp:featuredmedia":[{"embeddable":true,"href":"https:\/\/lamaisondukoji.com\/fr\/wp-json\/wp\/v2\/media\/2598"}],"wp:attachment":[{"href":"https:\/\/lamaisondukoji.com\/fr\/wp-json\/wp\/v2\/media?parent=2584"}],"wp:term":[{"taxonomy":"product_brand","embeddable":true,"href":"https:\/\/lamaisondukoji.com\/fr\/wp-json\/wp\/v2\/product_brand?post=2584"},{"taxonomy":"product_cat","embeddable":true,"href":"https:\/\/lamaisondukoji.com\/fr\/wp-json\/wp\/v2\/product_cat?post=2584"},{"taxonomy":"product_tag","embeddable":true,"href":"https:\/\/lamaisondukoji.com\/fr\/wp-json\/wp\/v2\/product_tag?post=2584"}],"curies":[{"name":"wp","href":"https:\/\/api.w.org\/{rel}","templated":true}]}}