{"id":3283,"date":"2024-01-04T06:23:55","date_gmt":"2024-01-04T06:23:55","guid":{"rendered":"https:\/\/18.wpd.construction\/?post_type=product&#038;p=3283"},"modified":"2025-10-06T13:35:10","modified_gmt":"2025-10-06T13:35:10","slug":"amazake-workshop","status":"publish","type":"product","link":"https:\/\/lamaisondukoji.com\/fr\/produit\/amazake-workshop\/","title":{"rendered":"Atelier D\u2019Amazak\u00e9"},"content":{"rendered":"<p>Un atelier de 3 heures pour comprendre les diff\u00e9rents types d'amazak\u00e9s d'un point de vue th\u00e9orique et pratique. Nous explorerons les diff\u00e9rents profils de go\u00fbt. Il s'agit d'un cours de niveau professionnel qui aborde des questions telles que les \u00e9quipements, l'hygi\u00e8ne et les m\u00e9thodes de conservation.<\/p>","protected":false},"excerpt":{"rendered":"<p>Un atelier de 3 heures pour comprendre les diff\u00e9rents types d'amazak\u00e9s d'un point de vue th\u00e9orique et pratique. Nous explorerons les diff\u00e9rents profils de go\u00fbt. Il s'agit d'un cours de niveau professionnel qui aborde des questions telles que les \u00e9quipements, l'hygi\u00e8ne et les m\u00e9thodes de conservation.<\/p>","protected":false},"featured_media":2319,"comment_status":"open","ping_status":"closed","template":"","meta":[],"product_brand":[],"product_cat":[],"product_tag":[],"class_list":{"0":"post-3283","1":"product","2":"type-product","3":"status-publish","4":"has-post-thumbnail","7":"first","8":"instock","9":"virtual","10":"taxable","11":"product-type-simple"},"_links":{"self":[{"href":"https:\/\/lamaisondukoji.com\/fr\/wp-json\/wp\/v2\/product\/3283","targetHints":{"allow":["GET"]}}],"collection":[{"href":"https:\/\/lamaisondukoji.com\/fr\/wp-json\/wp\/v2\/product"}],"about":[{"href":"https:\/\/lamaisondukoji.com\/fr\/wp-json\/wp\/v2\/types\/product"}],"replies":[{"embeddable":true,"href":"https:\/\/lamaisondukoji.com\/fr\/wp-json\/wp\/v2\/comments?post=3283"}],"wp:featuredmedia":[{"embeddable":true,"href":"https:\/\/lamaisondukoji.com\/fr\/wp-json\/wp\/v2\/media\/2319"}],"wp:attachment":[{"href":"https:\/\/lamaisondukoji.com\/fr\/wp-json\/wp\/v2\/media?parent=3283"}],"wp:term":[{"taxonomy":"product_brand","embeddable":true,"href":"https:\/\/lamaisondukoji.com\/fr\/wp-json\/wp\/v2\/product_brand?post=3283"},{"taxonomy":"product_cat","embeddable":true,"href":"https:\/\/lamaisondukoji.com\/fr\/wp-json\/wp\/v2\/product_cat?post=3283"},{"taxonomy":"product_tag","embeddable":true,"href":"https:\/\/lamaisondukoji.com\/fr\/wp-json\/wp\/v2\/product_tag?post=3283"}],"curies":[{"name":"wp","href":"https:\/\/api.w.org\/{rel}","templated":true}]}}