{"id":3284,"date":"2024-01-04T06:38:39","date_gmt":"2024-01-04T06:38:39","guid":{"rendered":"https:\/\/18.wpd.construction\/?post_type=product&#038;p=3284"},"modified":"2025-10-06T13:35:14","modified_gmt":"2025-10-06T13:35:14","slug":"koji-intensive-beginners","status":"publish","type":"product","link":"https:\/\/lamaisondukoji.com\/fr\/produit\/koji-intensive-beginners\/","title":{"rendered":"Koji Intensif d\u00e9butant"},"content":{"rendered":"<p>A travers de cet 4 heures atelier pratique, vous apprendrez les bases de la fabrication du koji. Ce cours couvre la th\u00e9orie scientifique derri\u00e8re le d\u00e9veloppement du koji et les m\u00e9canismes de fermentation du koji. Nous aborderons \u00e9galement l'histoire, les connaissances scientifiques modernes et certaines applications.<\/p>","protected":false},"excerpt":{"rendered":"<p>A travers de cet 4 heures atelier pratique, vous apprendrez les bases de la fabrication du koji. Ce cours couvre la th\u00e9orie scientifique derri\u00e8re le d\u00e9veloppement du koji et les m\u00e9canismes de fermentation du koji. Nous aborderons \u00e9galement l'histoire, les connaissances scientifiques modernes et certaines applications.<\/p>","protected":false},"featured_media":428,"comment_status":"open","ping_status":"closed","template":"","meta":[],"product_brand":[],"product_cat":[],"product_tag":[],"class_list":{"0":"post-3284","1":"product","2":"type-product","3":"status-publish","4":"has-post-thumbnail","7":"first","8":"instock","9":"virtual","10":"taxable","11":"product-type-simple"},"_links":{"self":[{"href":"https:\/\/lamaisondukoji.com\/fr\/wp-json\/wp\/v2\/product\/3284","targetHints":{"allow":["GET"]}}],"collection":[{"href":"https:\/\/lamaisondukoji.com\/fr\/wp-json\/wp\/v2\/product"}],"about":[{"href":"https:\/\/lamaisondukoji.com\/fr\/wp-json\/wp\/v2\/types\/product"}],"replies":[{"embeddable":true,"href":"https:\/\/lamaisondukoji.com\/fr\/wp-json\/wp\/v2\/comments?post=3284"}],"wp:featuredmedia":[{"embeddable":true,"href":"https:\/\/lamaisondukoji.com\/fr\/wp-json\/wp\/v2\/media\/428"}],"wp:attachment":[{"href":"https:\/\/lamaisondukoji.com\/fr\/wp-json\/wp\/v2\/media?parent=3284"}],"wp:term":[{"taxonomy":"product_brand","embeddable":true,"href":"https:\/\/lamaisondukoji.com\/fr\/wp-json\/wp\/v2\/product_brand?post=3284"},{"taxonomy":"product_cat","embeddable":true,"href":"https:\/\/lamaisondukoji.com\/fr\/wp-json\/wp\/v2\/product_cat?post=3284"},{"taxonomy":"product_tag","embeddable":true,"href":"https:\/\/lamaisondukoji.com\/fr\/wp-json\/wp\/v2\/product_tag?post=3284"}],"curies":[{"name":"wp","href":"https:\/\/api.w.org\/{rel}","templated":true}]}}