{"id":3351,"date":"2024-01-04T11:09:42","date_gmt":"2024-01-04T11:09:42","guid":{"rendered":"https:\/\/18.wpd.construction\/?post_type=product&#038;p=3351"},"modified":"2025-09-23T20:39:59","modified_gmt":"2025-09-23T20:39:59","slug":"white-miso-of-planeze-peas","status":"publish","type":"product","link":"https:\/\/lamaisondukoji.com\/fr\/produit\/white-miso-of-planeze-peas\/","title":{"rendered":"Miso blanc de pois de Plan\u00e8ze"},"content":{"rendered":"<p>Notre miso blanc, l'une des marques de fabrique de la maison, est un v\u00e9ritable luxe, fait avec une tr\u00e8s grande proportion de koji et tr\u00e8s peu de sel. Cela rend notre miso blanc extr\u00eamement polyvalent, et peut \u00eatre utilis\u00e9 en marinade ou en sauce, m\u00eame dans un dessert, ou simplement comme un dip.<\/p>\n<p>Ce produit \u00e9tant fragile, il est exp\u00e9di\u00e9 dans un sac sous vide.<br \/>\nToujours conserver au r\u00e9frig\u00e9rateur. A utiliser dans les 3 mois apr\u00e8s ouverture.<\/p>","protected":false},"excerpt":{"rendered":"<p>Our white miso series is one of the hallmarks of our maison. It is a true luxury product made with an unusual amount of koji and very little salt, making it extremely versatile. It can be used in a marinade mixture for Saikyo-yaki or in various sauces and dressings. Mixing it with oil or mayonnaise [&hellip;]<\/p>\n","protected":false},"featured_media":3349,"comment_status":"open","ping_status":"closed","template":"","meta":[],"product_brand":[],"product_cat":[56,44],"product_tag":[],"class_list":{"0":"post-3351","1":"product","2":"type-product","3":"status-publish","4":"has-post-thumbnail","6":"product_cat-gluten-free","7":"product_cat-miso","9":"first","10":"outofstock","11":"taxable","12":"shipping-taxable","13":"purchasable","14":"product-type-simple"},"_links":{"self":[{"href":"https:\/\/lamaisondukoji.com\/fr\/wp-json\/wp\/v2\/product\/3351","targetHints":{"allow":["GET"]}}],"collection":[{"href":"https:\/\/lamaisondukoji.com\/fr\/wp-json\/wp\/v2\/product"}],"about":[{"href":"https:\/\/lamaisondukoji.com\/fr\/wp-json\/wp\/v2\/types\/product"}],"replies":[{"embeddable":true,"href":"https:\/\/lamaisondukoji.com\/fr\/wp-json\/wp\/v2\/comments?post=3351"}],"wp:featuredmedia":[{"embeddable":true,"href":"https:\/\/lamaisondukoji.com\/fr\/wp-json\/wp\/v2\/media\/3349"}],"wp:attachment":[{"href":"https:\/\/lamaisondukoji.com\/fr\/wp-json\/wp\/v2\/media?parent=3351"}],"wp:term":[{"taxonomy":"product_brand","embeddable":true,"href":"https:\/\/lamaisondukoji.com\/fr\/wp-json\/wp\/v2\/product_brand?post=3351"},{"taxonomy":"product_cat","embeddable":true,"href":"https:\/\/lamaisondukoji.com\/fr\/wp-json\/wp\/v2\/product_cat?post=3351"},{"taxonomy":"product_tag","embeddable":true,"href":"https:\/\/lamaisondukoji.com\/fr\/wp-json\/wp\/v2\/product_tag?post=3351"}],"curies":[{"name":"wp","href":"https:\/\/api.w.org\/{rel}","templated":true}]}}