{"id":4010,"date":"2024-03-20T17:47:57","date_gmt":"2024-03-20T17:47:57","guid":{"rendered":"https:\/\/lamaisondukoji.com\/?post_type=product&#038;p=4010"},"modified":"2026-03-14T10:42:28","modified_gmt":"2026-03-14T10:42:28","slug":"koji-dail-rose-de-billom","status":"publish","type":"product","link":"https:\/\/lamaisondukoji.com\/fr\/produit\/koji-dail-rose-de-billom\/","title":{"rendered":"KOJI d&#8217;ail rose de Billom 2025"},"content":{"rendered":"<p>Depuis 2023 La Maison du KOJI se trouve \u00e0 c\u00f4t\u00e9 de Billom, une ville m\u00e9di\u00e9vale, capital de l&#8217;ail en Auvergne.<br \/>\nPour mettre en honneur cette ville qui nous accueille, nous avons cr\u00e9\u00e9 une nouveaut\u00e9: le KOJI d&#8217;ail rose de Billom.<\/p>\n<p>Ce produit a \u00e9t\u00e9 con\u00e7u dans le but de conserver de l&#8217;ail frais tout au long de l&#8217;ann\u00e9e sans l&#8217;inconv\u00e9nient de la germination ou du pourrissement.<br \/>\nPlus besoin d&#8217;\u00e9plucher et de hacher l&#8217;ail \u00e0 chaque fois que vous cuisinez !<\/p>\n<p>Vous voulez ajouter une gousse d&#8217;ail \u00e0 votre vinaigrette, ou une cuiller\u00e9e \u00e0 vos l\u00e9gumes saut\u00e9s, ou encore l&#8217;\u00e9taler sur votre pain grill\u00e9 ? Il vous suffit d&#8217;ouvrir le pot de KOJI d&#8217;ail et de prendre une cuill\u00e8re.<\/p>\n<p>Se conserve \u00e0 temp\u00e9rature ambiante. Ouvert ou non, il se conserve plus d&#8217;un an, tandis que le go\u00fbt de l&#8217;ail frais s&#8217;intensifie au fil du temps.<\/p>\n<p>Autres recettes : ajouter une cuiller\u00e9e \u00e0 votre mayonnaise pour faire un a\u00efoli, en ajouter une cuill\u00e8re \u00e0 votre steak ou \u00e0 vos l\u00e9gumes \u00e0 la fin, ou pourquoi ne pas combiner avec votre bouillon et un peu de miso pour faire un d\u00e9licieux bouillon instantan\u00e9 pour ramen.<\/p>","protected":false},"excerpt":{"rendered":"<p>Une fa\u00e7on facile d&#8217;ailer vos plat sans travail, il est un condiment incontournable dans votre cuisine.<\/p>","protected":false},"featured_media":4069,"comment_status":"open","ping_status":"closed","template":"","meta":[],"product_brand":[],"product_cat":[56,33],"product_tag":[74,73],"class_list":{"0":"post-4010","1":"product","2":"type-product","3":"status-publish","4":"has-post-thumbnail","6":"product_cat-gluten-free","7":"product_cat-other-condiments","8":"product_tag-condiment","9":"product_tag-koji","11":"first","12":"instock","13":"taxable","14":"shipping-taxable","15":"purchasable","16":"product-type-simple"},"_links":{"self":[{"href":"https:\/\/lamaisondukoji.com\/fr\/wp-json\/wp\/v2\/product\/4010","targetHints":{"allow":["GET"]}}],"collection":[{"href":"https:\/\/lamaisondukoji.com\/fr\/wp-json\/wp\/v2\/product"}],"about":[{"href":"https:\/\/lamaisondukoji.com\/fr\/wp-json\/wp\/v2\/types\/product"}],"replies":[{"embeddable":true,"href":"https:\/\/lamaisondukoji.com\/fr\/wp-json\/wp\/v2\/comments?post=4010"}],"wp:featuredmedia":[{"embeddable":true,"href":"https:\/\/lamaisondukoji.com\/fr\/wp-json\/wp\/v2\/media\/4069"}],"wp:attachment":[{"href":"https:\/\/lamaisondukoji.com\/fr\/wp-json\/wp\/v2\/media?parent=4010"}],"wp:term":[{"taxonomy":"product_brand","embeddable":true,"href":"https:\/\/lamaisondukoji.com\/fr\/wp-json\/wp\/v2\/product_brand?post=4010"},{"taxonomy":"product_cat","embeddable":true,"href":"https:\/\/lamaisondukoji.com\/fr\/wp-json\/wp\/v2\/product_cat?post=4010"},{"taxonomy":"product_tag","embeddable":true,"href":"https:\/\/lamaisondukoji.com\/fr\/wp-json\/wp\/v2\/product_tag?post=4010"}],"curies":[{"name":"wp","href":"https:\/\/api.w.org\/{rel}","templated":true}]}}