{"id":4291,"date":"2026-03-06T14:42:20","date_gmt":"2026-03-06T14:42:20","guid":{"rendered":"https:\/\/lamaisondukoji.com\/?post_type=product&#038;p=4291"},"modified":"2026-03-14T10:42:28","modified_gmt":"2026-03-14T10:42:28","slug":"koji-au-fenouil-2025","status":"publish","type":"product","link":"https:\/\/lamaisondukoji.com\/fr\/produit\/koji-au-fenouil-2025\/","title":{"rendered":"KOJI au fenouil 2025"},"content":{"rendered":"<p>L&#8217;\u00e9dition 2025 de KOJI au fenouil est disponible.<\/p>\n<div dir=\"ltr\">\n<div dir=\"ltr\">Apr\u00e8s le grand succ\u00e8s du KOJI \u00e0 l&#8217;ail et \u00e0 l&#8217;\u00e9chalote de Billom qui sont devenu l&#8217;un de nos best-sellers, nous proposons d\u00e9sormais du KOJI au fenouil, une version plus douce que ses s\u0153urs.<\/div>\n<\/div>\n<div dir=\"ltr\"><\/div>\n<div dir=\"ltr\">La pr\u00e9paration \u00e0 base de koji est un moyen de conserver le fenouil FRAIS. Ces condiments se conservent plus d&#8217;un an \u00e0 temp\u00e9rature ambiante et leur saveur s&#8217;enrichit et s&#8217;adoucit avec le temps, sans perdre l&#8217;ar\u00f4me ni la saveur des ingr\u00e9dients.<\/div>\n<p>Se conserve \u00e0 temp\u00e9rature ambiante. Ouvert ou non, il se conserve plus d&#8217;un an, tandis que le go\u00fbt de l&#8217;\u00e9chalote frais s&#8217;intensifie au fil du temps.<\/p>\n<p>Ajouter une cuiller\u00e9e \u00e0 vos plats, soupes, mijot\u00e9s, viandes, volailles, l\u00e9gumes, \u0153ufs&#8230; Les possibilit\u00e9s sont infinies pour ajouter de la profondeur \u00e0 vos plats.<\/p>","protected":false},"excerpt":{"rendered":"<p>Une fa\u00e7on facile d&#8217;ailer vos plat sans travail, il est un condiment incontournable dans votre cuisine.<\/p>","protected":false},"featured_media":0,"comment_status":"open","ping_status":"closed","template":"","meta":[],"product_brand":[],"product_cat":[56,33],"product_tag":[74,73],"class_list":{"0":"post-4291","1":"product","2":"type-product","3":"status-publish","5":"product_cat-gluten-free","6":"product_cat-other-condiments","7":"product_tag-condiment","8":"product_tag-koji","10":"first","11":"outofstock","12":"taxable","13":"shipping-taxable","14":"purchasable","15":"product-type-simple"},"_links":{"self":[{"href":"https:\/\/lamaisondukoji.com\/fr\/wp-json\/wp\/v2\/product\/4291","targetHints":{"allow":["GET"]}}],"collection":[{"href":"https:\/\/lamaisondukoji.com\/fr\/wp-json\/wp\/v2\/product"}],"about":[{"href":"https:\/\/lamaisondukoji.com\/fr\/wp-json\/wp\/v2\/types\/product"}],"replies":[{"embeddable":true,"href":"https:\/\/lamaisondukoji.com\/fr\/wp-json\/wp\/v2\/comments?post=4291"}],"wp:attachment":[{"href":"https:\/\/lamaisondukoji.com\/fr\/wp-json\/wp\/v2\/media?parent=4291"}],"wp:term":[{"taxonomy":"product_brand","embeddable":true,"href":"https:\/\/lamaisondukoji.com\/fr\/wp-json\/wp\/v2\/product_brand?post=4291"},{"taxonomy":"product_cat","embeddable":true,"href":"https:\/\/lamaisondukoji.com\/fr\/wp-json\/wp\/v2\/product_cat?post=4291"},{"taxonomy":"product_tag","embeddable":true,"href":"https:\/\/lamaisondukoji.com\/fr\/wp-json\/wp\/v2\/product_tag?post=4291"}],"curies":[{"name":"wp","href":"https:\/\/api.w.org\/{rel}","templated":true}]}}