{"id":4300,"date":"2026-05-03T16:37:38","date_gmt":"2026-05-03T16:37:38","guid":{"rendered":"https:\/\/lamaisondukoji.com\/?post_type=product&#038;p=4300"},"modified":"2026-05-03T17:38:29","modified_gmt":"2026-05-03T17:38:29","slug":"koji-a-lail-des-ours","status":"publish","type":"product","link":"https:\/\/lamaisondukoji.com\/fr\/produit\/koji-a-lail-des-ours\/","title":{"rendered":"KOJI \u00e0 l&#8217;ail des ours"},"content":{"rendered":"<div dir=\"ltr\">\n<div dir=\"ltr\">Apr\u00e8s le grand succ\u00e8s du KOJI \u00e0 l\u2019ail de Billom, nous proposons d\u00e9sormais du KOJI \u00e0 l\u2019ail des ours qui pousse dans la for\u00eat, le long des ruisseaux de Billom..<\/div>\n<\/div>\n<p>Conseils d&#8217;utilisation : ajoutez-le \u00e0 n&#8217;importe quelle vinaigrette, \u00e0 une sauce pour p\u00e2tes au parmesan, \u00e0 de l&#8217;huile ou \u00e0 de la mayonnaise pour pr\u00e9parer une sauce \u00e0 tremper, ou utilisez-le simplement pour assaisonner vos l\u00e9gumes et votre poisson.<\/p>\n<p>Se conserve \u00e0 temp\u00e9rature ambiante.<\/p>","protected":false},"excerpt":{"rendered":"<p>Une fa\u00e7on facile d&#8217;ailer vos plat sans travail, il est un condiment incontournable dans votre cuisine.<\/p>","protected":false},"featured_media":0,"comment_status":"open","ping_status":"closed","template":"","meta":[],"product_brand":[],"product_cat":[56,33],"product_tag":[74,73],"class_list":{"0":"post-4300","1":"product","2":"type-product","3":"status-publish","5":"product_cat-gluten-free","6":"product_cat-other-condiments","7":"product_tag-condiment","8":"product_tag-koji","10":"first","11":"instock","12":"sale","13":"taxable","14":"shipping-taxable","15":"purchasable","16":"product-type-simple"},"_links":{"self":[{"href":"https:\/\/lamaisondukoji.com\/fr\/wp-json\/wp\/v2\/product\/4300","targetHints":{"allow":["GET"]}}],"collection":[{"href":"https:\/\/lamaisondukoji.com\/fr\/wp-json\/wp\/v2\/product"}],"about":[{"href":"https:\/\/lamaisondukoji.com\/fr\/wp-json\/wp\/v2\/types\/product"}],"replies":[{"embeddable":true,"href":"https:\/\/lamaisondukoji.com\/fr\/wp-json\/wp\/v2\/comments?post=4300"}],"wp:attachment":[{"href":"https:\/\/lamaisondukoji.com\/fr\/wp-json\/wp\/v2\/media?parent=4300"}],"wp:term":[{"taxonomy":"product_brand","embeddable":true,"href":"https:\/\/lamaisondukoji.com\/fr\/wp-json\/wp\/v2\/product_brand?post=4300"},{"taxonomy":"product_cat","embeddable":true,"href":"https:\/\/lamaisondukoji.com\/fr\/wp-json\/wp\/v2\/product_cat?post=4300"},{"taxonomy":"product_tag","embeddable":true,"href":"https:\/\/lamaisondukoji.com\/fr\/wp-json\/wp\/v2\/product_tag?post=4300"}],"curies":[{"name":"wp","href":"https:\/\/api.w.org\/{rel}","templated":true}]}}